{"id":29,"date":"2023-01-18T19:47:29","date_gmt":"2023-01-18T19:47:29","guid":{"rendered":"https:\/\/bolzplatz.sv-moenchstockheim.de\/?page_id=29"},"modified":"2023-01-19T06:21:11","modified_gmt":"2023-01-19T06:21:11","slug":"bolzplatz","status":"publish","type":"page","link":"https:\/\/bolzplatz.sv-moenchstockheim.de\/","title":{"rendered":"Bolzplatz"},"content":{"rendered":"\n<style type=\"text\/css\" data-created_by=\"avia_inline_auto\" id=\"style-css-av-ld2379q1-a79dc4aaa7aaf3e327f3ced5293e3f55\">\n.avia-section.av-ld2379q1-a79dc4aaa7aaf3e327f3ced5293e3f55{\nbackground-repeat:no-repeat;\nbackground-image:url(https:\/\/bolzplatz.sv-moenchstockheim.de\/wp-content\/uploads\/2023\/01\/SV-Moenchstockheim-Hintergrundbild-Fussball.jpg);\nbackground-position:50% 100%;\nbackground-attachment:fixed;\n}\n.avia-section.av-ld2379q1-a79dc4aaa7aaf3e327f3ced5293e3f55 .av-section-color-overlay{\nopacity:0.3;\nbackground-color:#ffffff;\n}\n<\/style>\n<div id='av_section_1'  class='avia-section av-ld2379q1-a79dc4aaa7aaf3e327f3ced5293e3f55 main_color avia-section-default avia-no-border-styling  avia-builder-el-0  el_before_av_section  avia-builder-el-first  avia-full-stretch avia-bg-style-fixed av-section-color-overlay-active container_wrap fullsize'  data-section-bg-repeat='stretch'><div class=\"av-section-color-overlay-wrap\"><div class=\"av-section-color-overlay\"><\/div><div class='container av-section-cont-open' ><main  role=\"main\" itemprop=\"mainContentOfPage\"  class='template-page content  av-content-full alpha units'><div class='post-entry post-entry-type-page post-entry-29'><div class='entry-content-wrapper clearfix'>\n\n<style type=\"text\/css\" data-created_by=\"avia_inline_auto\" id=\"style-css-av-ld24p3cx-cbc339fc2f6ffc71d117b94625e2c84b\">\n#top .hr.hr-invisible.av-ld24p3cx-cbc339fc2f6ffc71d117b94625e2c84b{\nheight:100px;\n}\n<\/style>\n<div  class='hr av-ld24p3cx-cbc339fc2f6ffc71d117b94625e2c84b hr-invisible  avia-builder-el-1  avia-builder-el-no-sibling '><span class='hr-inner '><span class=\"hr-inner-style\"><\/span><\/span><\/div>\n\n<\/div><\/div><\/main><!-- close content main element --><\/div><\/div><\/div>\n<style type=\"text\/css\" data-created_by=\"avia_inline_auto\" id=\"style-css-av-ld2423v7-4051a764488f3b7ba486c8f8a1c6caf2\">\n.avia-section.av-ld2423v7-4051a764488f3b7ba486c8f8a1c6caf2{\nbackground-repeat:no-repeat;\nbackground-image:url(https:\/\/bolzplatz.sv-moenchstockheim.de\/wp-content\/uploads\/2023\/01\/SV-Moenchstockheim-Hintergrundbild-Fussball.jpg);\nbackground-position:50% 100%;\nbackground-attachment:fixed;\n}\n.avia-section.av-ld2423v7-4051a764488f3b7ba486c8f8a1c6caf2 .av-section-color-overlay{\nopacity:0.7;\nbackground-color:#ffffff;\n}\n<\/style>\n<div id='av_section_2'  class='avia-section av-ld2423v7-4051a764488f3b7ba486c8f8a1c6caf2 main_color avia-section-default avia-no-border-styling  avia-builder-el-2  el_after_av_section  avia-builder-el-last  avia-full-stretch avia-bg-style-fixed av-section-color-overlay-active container_wrap fullsize'  data-section-bg-repeat='stretch'><div class=\"av-section-color-overlay-wrap\"><div class=\"av-section-color-overlay\"><\/div><div class='container av-section-cont-open' ><div class='template-page content  av-content-full alpha units'><div class='post-entry post-entry-type-page post-entry-29'><div class='entry-content-wrapper clearfix'>\n<div class='flex_column av-ld23zl9b-92b71f0df269eecc678b39e424fd2e31 av_one_full  avia-builder-el-3  el_before_av_one_half  avia-builder-el-first  first flex_column_div '     ><style type=\"text\/css\" data-created_by=\"avia_inline_auto\" id=\"style-css-av-ld238ucg-ba7571bd0876e78b08833dcabe5a2f00\">\n#top .av-special-heading.av-ld238ucg-ba7571bd0876e78b08833dcabe5a2f00{\npadding-bottom:10px;\ncolor:#5e0000;\n}\nbody .av-special-heading.av-ld238ucg-ba7571bd0876e78b08833dcabe5a2f00 .av-special-heading-tag .heading-char{\nfont-size:25px;\n}\n.av-special-heading.av-ld238ucg-ba7571bd0876e78b08833dcabe5a2f00 .special-heading-inner-border{\nborder-color:#5e0000;\n}\n.av-special-heading.av-ld238ucg-ba7571bd0876e78b08833dcabe5a2f00 .av-subheading{\nfont-size:15px;\ncolor:#5e0000;\n}\n<\/style>\n<div  class='av-special-heading av-ld238ucg-ba7571bd0876e78b08833dcabe5a2f00 av-special-heading-h1 custom-color-heading blockquote modern-quote modern-centered  avia-builder-el-4  avia-builder-el-no-sibling '><h1 class='av-special-heading-tag'  itemprop=\"headline\"  >Die R\u00fcckkehr des Stra\u00dfenfu\u00dfballs<\/h1><div class='av_custom_color av-subheading av-subheading_below'><p>Projekt Bolzplatz des SV-M\u00f6nchstockheim<\/p>\n<\/div><div class=\"special-heading-border\"><div class=\"special-heading-inner-border\"><\/div><\/div><\/div><\/div><div class='flex_column av-ld23ybod-8bdccc7e2b88c1a7eb71529415680b03 av_one_half  avia-builder-el-5  el_after_av_one_full  el_before_av_one_half  first flex_column_div column-top-margin'     ><p>\n<style type=\"text\/css\" data-created_by=\"avia_inline_auto\" id=\"style-css-av-5hozx-5adbd911e475b50814b97dbba65e1c18\">\n#top .av-special-heading.av-5hozx-5adbd911e475b50814b97dbba65e1c18{\npadding-bottom:10px;\ncolor:#416615;\n}\nbody .av-special-heading.av-5hozx-5adbd911e475b50814b97dbba65e1c18 .av-special-heading-tag .heading-char{\nfont-size:25px;\n}\n.av-special-heading.av-5hozx-5adbd911e475b50814b97dbba65e1c18 .special-heading-inner-border{\nborder-color:#416615;\n}\n.av-special-heading.av-5hozx-5adbd911e475b50814b97dbba65e1c18 .av-subheading{\nfont-size:15px;\n}\n<\/style>\n<div  class='av-special-heading av-5hozx-5adbd911e475b50814b97dbba65e1c18 av-special-heading-h2 custom-color-heading blockquote modern-quote  avia-builder-el-6  el_before_av_textblock  avia-builder-el-first '><h2 class='av-special-heading-tag'  itemprop=\"headline\"  >Der Bolzplatz auf dem Gel\u00e4nde des SV M\u00f6nchstockheim<\/h2><div class=\"special-heading-border\"><div class=\"special-heading-inner-border\"><\/div><\/div><\/div><br \/>\n\n<style type=\"text\/css\" data-created_by=\"avia_inline_auto\" id=\"style-css-av-ld24ogej-2c480721b221fad8e1f8fc49e853a159\">\n#top .av_textblock_section.av-ld24ogej-2c480721b221fad8e1f8fc49e853a159 .avia_textblock{\nfont-size:18px;\n}\n<\/style>\n<section  class='av_textblock_section av-ld24ogej-2c480721b221fad8e1f8fc49e853a159'  itemscope=\"itemscope\" itemtype=\"https:\/\/schema.org\/CreativeWork\" ><div class='avia_textblock'  itemprop=\"text\" ><p>Vor dem Hauptspielfeld mit der N\u00e4he zum Ort und dem Sportheim mit Biergarten m\u00f6chten wir einen Bolzplatz errichten. Dieser wird f\u00fcr jeden &#8211; sowohl jung als auch alt &#8211; zug\u00e4nglich sein. Dieser Bolzplatz ist absolut einmalig in unserer Region und steigert die Attraktivit\u00e4t unserer Ortschaft, sowie des Vereinsgel\u00e4ndes. Durch die integrierte LED-Flutlichtanlage kann der Platz ganzj\u00e4hrig von Allen genutzt werden.<\/p>\n<\/div><\/section><\/p><\/div><div class='flex_column av-ld23ykss-442859c00ccbe7a5e6131dd9cbf360a5 av_one_half  avia-builder-el-8  el_after_av_one_half  el_before_av_one_half  flex_column_div column-top-margin'     ><style type=\"text\/css\" data-created_by=\"avia_inline_auto\" id=\"style-css-av-ld2508at-23361659b79882e8597c2c0fac89ebbc\">\n@-webkit-keyframes av_boxShadowEffect_av-ld2508at-23361659b79882e8597c2c0fac89ebbc {\n0%   { box-shadow:  0 0 0 0 ; opacity: 1; }\n100% { box-shadow:  0 0 10px 0 ; opacity: 1; }\n}\n@keyframes av_boxShadowEffect_av-ld2508at-23361659b79882e8597c2c0fac89ebbc {\n0%   { box-shadow:  0 0 0 0 ; opacity: 1; }\n100% { box-shadow:  0 0 10px 0 ; opacity: 1; }\n}\n.avia-image-container.av-ld2508at-23361659b79882e8597c2c0fac89ebbc img.avia_image{\nbox-shadow: 0 0 10px 0 ;\n}\n.avia-image-container.av-ld2508at-23361659b79882e8597c2c0fac89ebbc .av-image-caption-overlay-center{\ncolor:#ffffff;\n}\n<\/style>\n<div  class='avia-image-container av-ld2508at-23361659b79882e8597c2c0fac89ebbc av-styling- avia-align-center  avia-builder-el-9  avia-builder-el-no-sibling  av-img-box-shadow av-box-shadow-not-animated'   itemprop=\"image\" itemscope=\"itemscope\" itemtype=\"https:\/\/schema.org\/ImageObject\" ><div class=\"avia-image-container-inner\"><div class=\"avia-image-overlay-wrap\"><a href=\"https:\/\/bolzplatz.sv-moenchstockheim.de\/wp-content\/uploads\/2023\/01\/SV-Moenchstockheim-Bolzplatz.png\" data-srcset=\"https:\/\/bolzplatz.sv-moenchstockheim.de\/wp-content\/uploads\/2023\/01\/SV-Moenchstockheim-Bolzplatz.png 518w, https:\/\/bolzplatz.sv-moenchstockheim.de\/wp-content\/uploads\/2023\/01\/SV-Moenchstockheim-Bolzplatz-300x170.png 300w\" data-sizes=\"(max-width: 518px) 100vw, 518px\" class='avia_image' ><img loading=\"lazy\" decoding=\"async\" class='wp-image-71 avia-img-lazy-loading-71 avia_image shadow-not-animated' src=\"https:\/\/bolzplatz.sv-moenchstockheim.de\/wp-content\/uploads\/2023\/01\/SV-Moenchstockheim-Bolzplatz.png\" alt='' title='SV-M\u00f6nchstockheim - Bolzplatz'  height=\"293\" width=\"518\"  itemprop=\"thumbnailUrl\" srcset=\"https:\/\/bolzplatz.sv-moenchstockheim.de\/wp-content\/uploads\/2023\/01\/SV-Moenchstockheim-Bolzplatz.png 518w, https:\/\/bolzplatz.sv-moenchstockheim.de\/wp-content\/uploads\/2023\/01\/SV-Moenchstockheim-Bolzplatz-300x170.png 300w\" sizes=\"auto, (max-width: 518px) 100vw, 518px\" \/><\/a><\/div><\/div><\/div><\/div><div class='flex_column av-4tw7h-084e084adedcc70d6335e09dfa6b3e26 av_one_half  avia-builder-el-10  el_after_av_one_half  el_before_av_one_half  first flex_column_div column-top-margin'     ><style type=\"text\/css\" data-created_by=\"avia_inline_auto\" id=\"style-css-av-ld25rwl9-c42f8a075e79d8a6af32cdbe3291c5ec\">\n@-webkit-keyframes av_boxShadowEffect_av-ld25rwl9-c42f8a075e79d8a6af32cdbe3291c5ec {\n0%   { box-shadow:  0 0 0 0 ; opacity: 1; }\n100% { box-shadow:  0 0 10px 0 ; opacity: 1; }\n}\n@keyframes av_boxShadowEffect_av-ld25rwl9-c42f8a075e79d8a6af32cdbe3291c5ec {\n0%   { box-shadow:  0 0 0 0 ; opacity: 1; }\n100% { box-shadow:  0 0 10px 0 ; opacity: 1; }\n}\n.avia-image-container.av-ld25rwl9-c42f8a075e79d8a6af32cdbe3291c5ec img.avia_image{\nbox-shadow: 0 0 10px 0 ;\n}\n.avia-image-container.av-ld25rwl9-c42f8a075e79d8a6af32cdbe3291c5ec .av-image-caption-overlay-center{\ncolor:#ffffff;\n}\n<\/style>\n<div  class='avia-image-container av-ld25rwl9-c42f8a075e79d8a6af32cdbe3291c5ec av-styling- avia-align-center  avia-builder-el-11  avia-builder-el-no-sibling  av-img-box-shadow av-box-shadow-not-animated'   itemprop=\"image\" itemscope=\"itemscope\" itemtype=\"https:\/\/schema.org\/ImageObject\" ><div class=\"avia-image-container-inner\"><div class=\"avia-image-overlay-wrap\"><img loading=\"lazy\" decoding=\"async\" class='wp-image-89 avia-img-lazy-loading-89 avia_image shadow-not-animated' src=\"https:\/\/bolzplatz.sv-moenchstockheim.de\/wp-content\/uploads\/2023\/01\/SV-Moenchstockheim-Imagebild-705x501.jpg\" alt='' title='SV M\u00f6nchstockheim - Imagebild'  height=\"501\" width=\"705\"  itemprop=\"thumbnailUrl\" srcset=\"https:\/\/bolzplatz.sv-moenchstockheim.de\/wp-content\/uploads\/2023\/01\/SV-Moenchstockheim-Imagebild-705x501.jpg 705w, https:\/\/bolzplatz.sv-moenchstockheim.de\/wp-content\/uploads\/2023\/01\/SV-Moenchstockheim-Imagebild-300x213.jpg 300w, https:\/\/bolzplatz.sv-moenchstockheim.de\/wp-content\/uploads\/2023\/01\/SV-Moenchstockheim-Imagebild-1030x731.jpg 1030w, https:\/\/bolzplatz.sv-moenchstockheim.de\/wp-content\/uploads\/2023\/01\/SV-Moenchstockheim-Imagebild-768x545.jpg 768w, https:\/\/bolzplatz.sv-moenchstockheim.de\/wp-content\/uploads\/2023\/01\/SV-Moenchstockheim-Imagebild-260x185.jpg 260w, https:\/\/bolzplatz.sv-moenchstockheim.de\/wp-content\/uploads\/2023\/01\/SV-Moenchstockheim-Imagebild.jpg 1200w\" sizes=\"auto, (max-width: 705px) 100vw, 705px\" \/><\/div><\/div><\/div><\/div><div class='flex_column av-4q5pt-4fa94b14530f55603703ca2d3077b906 av_one_half  avia-builder-el-12  el_after_av_one_half  el_before_av_one_full  flex_column_div column-top-margin'     ><p>\n<style type=\"text\/css\" data-created_by=\"avia_inline_auto\" id=\"style-css-av-ld25uqax-204166cbd3061bbb59b7008ccc063d0c\">\n#top .hr.hr-invisible.av-ld25uqax-204166cbd3061bbb59b7008ccc063d0c{\nheight:50px;\n}\n<\/style>\n<div  class='hr av-ld25uqax-204166cbd3061bbb59b7008ccc063d0c hr-invisible  avia-builder-el-13  el_before_av_hr  avia-builder-el-first  av-small-hide av-mini-hide'><span class='hr-inner '><span class=\"hr-inner-style\"><\/span><\/span><\/div><br \/>\n\n<style type=\"text\/css\" data-created_by=\"avia_inline_auto\" id=\"style-css-av-ld25v793-7b441c982a30b7fa2c770fefbc0bf21b\">\n#top .hr.av-ld25v793-7b441c982a30b7fa2c770fefbc0bf21b{\nmargin-top:30px;\nmargin-bottom:30px;\n}\n.hr.av-ld25v793-7b441c982a30b7fa2c770fefbc0bf21b .hr-inner{\nwidth:100px;\nborder-color:#5e0000;\n}\n<\/style>\n<div  class='hr av-ld25v793-7b441c982a30b7fa2c770fefbc0bf21b hr-custom  avia-builder-el-14  el_after_av_hr  el_before_av_textblock  hr-center hr-icon-no'><span class='hr-inner inner-border-av-border-fat'><span class=\"hr-inner-style\"><\/span><\/span><\/div><br \/>\n\n<style type=\"text\/css\" data-created_by=\"avia_inline_auto\" id=\"style-css-av-42wwt-c44463c68379f2509b8a532a5e844da4\">\n#top .av_textblock_section.av-42wwt-c44463c68379f2509b8a532a5e844da4 .avia_textblock{\ncolor:#5e0000;\n}\n<\/style>\n<section  class='av_textblock_section av-42wwt-c44463c68379f2509b8a532a5e844da4'  itemscope=\"itemscope\" itemtype=\"https:\/\/schema.org\/CreativeWork\" ><div class='avia_textblock av_inherit_color'  itemprop=\"text\" ><h2 style=\"text-align: center;\">Unser Motto:<\/h2>\n<h2 style=\"text-align: center;\"><em><strong>Umziehen &#8211; Ball holen &#8211; Bolzen<\/strong><\/em><\/h2>\n<\/div><\/section><br \/>\n\n<style type=\"text\/css\" data-created_by=\"avia_inline_auto\" id=\"style-css-av-16uh-38d51ead6ac655bcc2e1ecd320ff2ceb\">\n#top .hr.av-16uh-38d51ead6ac655bcc2e1ecd320ff2ceb{\nmargin-top:30px;\nmargin-bottom:30px;\n}\n.hr.av-16uh-38d51ead6ac655bcc2e1ecd320ff2ceb .hr-inner{\nwidth:100px;\nborder-color:#5e0000;\n}\n<\/style>\n<div  class='hr av-16uh-38d51ead6ac655bcc2e1ecd320ff2ceb hr-custom  avia-builder-el-16  el_after_av_textblock  avia-builder-el-last  hr-center hr-icon-no'><span class='hr-inner inner-border-av-border-fat'><span class=\"hr-inner-style\"><\/span><\/span><\/div><\/p><\/div><div class='flex_column av-2r98x-7d6bd8160308886801f85f13853affec av_one_full  avia-builder-el-17  el_after_av_one_half  el_before_av_one_half  first flex_column_div column-top-margin'     ><p>\n<style type=\"text\/css\" data-created_by=\"avia_inline_auto\" id=\"style-css-av-ld25x86c-d4b81a43af3ec6d7f4d2e98b7aa8c861\">\n#top .hr.hr-invisible.av-ld25x86c-d4b81a43af3ec6d7f4d2e98b7aa8c861{\nheight:15px;\n}\n<\/style>\n<div  class='hr av-ld25x86c-d4b81a43af3ec6d7f4d2e98b7aa8c861 hr-invisible  avia-builder-el-18  el_before_av_heading  avia-builder-el-first  av-small-hide av-mini-hide'><span class='hr-inner '><span class=\"hr-inner-style\"><\/span><\/span><\/div><br \/>\n\n<style type=\"text\/css\" data-created_by=\"avia_inline_auto\" id=\"style-css-av-200x9-5083f1e97e0e01e9e39d9ae3428589d0\">\n#top .av-special-heading.av-200x9-5083f1e97e0e01e9e39d9ae3428589d0{\npadding-bottom:10px;\ncolor:#416615;\n}\nbody .av-special-heading.av-200x9-5083f1e97e0e01e9e39d9ae3428589d0 .av-special-heading-tag .heading-char{\nfont-size:25px;\n}\n.av-special-heading.av-200x9-5083f1e97e0e01e9e39d9ae3428589d0 .special-heading-inner-border{\nborder-color:#416615;\n}\n.av-special-heading.av-200x9-5083f1e97e0e01e9e39d9ae3428589d0 .av-subheading{\nfont-size:15px;\n}\n<\/style>\n<div  class='av-special-heading av-200x9-5083f1e97e0e01e9e39d9ae3428589d0 av-special-heading-h2 custom-color-heading blockquote modern-quote modern-centered  avia-builder-el-19  el_after_av_hr  avia-builder-el-last '><h2 class='av-special-heading-tag'  itemprop=\"headline\"  >Alle Daten und Fakten auf einen Blick<\/h2><div class=\"special-heading-border\"><div class=\"special-heading-inner-border\"><\/div><\/div><\/div><\/p><\/div><div class='flex_column av-1ndod-c488e561d35bbb5c50dadec6aa8a4b54 av_one_half  avia-builder-el-20  el_after_av_one_full  el_before_av_one_half  first flex_column_div column-top-margin'     ><style type=\"text\/css\" data-created_by=\"avia_inline_auto\" id=\"style-css-av-ld258vgs-5c819d2c8a16a9587de9692a6fff740e\">\n#top .avia-icon-list-container.av-ld258vgs-5c819d2c8a16a9587de9692a6fff740e .iconlist_icon{\nbackground-color:#5e0000;\n}\n#top #wrap_all .avia-icon-list-container.av-ld258vgs-5c819d2c8a16a9587de9692a6fff740e .av_iconlist_title{\ncolor:#383838;\n}\n<\/style>\n<div  class='avia-icon-list-container av-ld258vgs-5c819d2c8a16a9587de9692a6fff740e  avia-builder-el-21  avia-builder-el-no-sibling '><ul class='avia-icon-list avia_animate_when_almost_visible avia-icon-list-left av-iconlist-big av-ld258vgs-5c819d2c8a16a9587de9692a6fff740e avia-iconlist-animate'>\n<li><div class='iconlist_icon av-ld256cck-ac95877ecbdcb7f6ccccd3d7fa6ac3f1 avia-font-entypo-fontello'><span class='iconlist-char' aria-hidden='true' data-av_icon='\ue806' data-av_iconfont='entypo-fontello'><\/span><\/div><article class=\"article-icon-entry av-iconlist-empty\"  itemscope=\"itemscope\" itemtype=\"https:\/\/schema.org\/CreativeWork\" ><div class=\"iconlist_content_wrap\"><header class=\"entry-content-header\"><h4 class='av_iconlist_title iconlist_title  av_inherit_color'  itemprop=\"headline\" >F\u00f6rderung von Bewegung<\/h4><\/header><div class='iconlist_content '  itemprop=\"text\" ><\/div><\/div><footer class=\"entry-footer\"><\/footer><\/article><div class=\"iconlist-timeline\"><\/div><\/li>\n<li><div class='iconlist_icon av-ld2578u9-71778801b5e1e902504b8cc69f9392bb avia-font-entypo-fontello'><span class='iconlist-char' aria-hidden='true' data-av_icon='\ue841' data-av_iconfont='entypo-fontello'><\/span><\/div><article class=\"article-icon-entry av-iconlist-empty\"  itemscope=\"itemscope\" itemtype=\"https:\/\/schema.org\/CreativeWork\" ><div class=\"iconlist_content_wrap\"><header class=\"entry-content-header\"><h4 class='av_iconlist_title iconlist_title  av_inherit_color'  itemprop=\"headline\" >SPORTHEIM & BIERGARTEN DIREKT AM GEL\u00c4NDE<\/h4><\/header><div class='iconlist_content '  itemprop=\"text\" ><\/div><\/div><footer class=\"entry-footer\"><\/footer><\/article><div class=\"iconlist-timeline\"><\/div><\/li>\n<li><div class='iconlist_icon av-ld257mfl-e92c4b881935eb87713f85a122e37669 avia-font-entypo-fontello'><span class='iconlist-char' aria-hidden='true' data-av_icon='\ue80b' data-av_iconfont='entypo-fontello'><\/span><\/div><article class=\"article-icon-entry av-iconlist-empty\"  itemscope=\"itemscope\" itemtype=\"https:\/\/schema.org\/CreativeWork\" ><div class=\"iconlist_content_wrap\"><header class=\"entry-content-header\"><h4 class='av_iconlist_title iconlist_title  av_inherit_color'  itemprop=\"headline\" >Treffpunkt f\u00fcr Jung und Alt<\/h4><\/header><div class='iconlist_content '  itemprop=\"text\" ><\/div><\/div><footer class=\"entry-footer\"><\/footer><\/article><div class=\"iconlist-timeline\"><\/div><\/li>\n<li><div class='iconlist_icon av-ld258t2n-7d1f514cf5e2994315391d8cecc89109 avia-font-entypo-fontello'><span class='iconlist-char' aria-hidden='true' data-av_icon='\ue812' data-av_iconfont='entypo-fontello'><\/span><\/div><article class=\"article-icon-entry av-iconlist-empty\"  itemscope=\"itemscope\" itemtype=\"https:\/\/schema.org\/CreativeWork\" ><div class=\"iconlist_content_wrap\"><header class=\"entry-content-header\"><h4 class='av_iconlist_title iconlist_title  av_inherit_color'  itemprop=\"headline\" >Nutzung sowohl f\u00fcr Korbball, als auch f\u00fcr Fu\u00dfball<\/h4><\/header><div class='iconlist_content '  itemprop=\"text\" ><\/div><\/div><footer class=\"entry-footer\"><\/footer><\/article><div class=\"iconlist-timeline\"><\/div><\/li>\n<\/ul><\/div><\/div><div class='flex_column av-14cc5-7fbac6dbb34bef826d50868810679105 av_one_half  avia-builder-el-22  el_after_av_one_half  avia-builder-el-last  flex_column_div column-top-margin'     ><style type=\"text\/css\" data-created_by=\"avia_inline_auto\" id=\"style-css-av-ld25dxgw-1e180961c61e5464bbb03db8825e0642\">\n#top .avia-icon-list-container.av-ld25dxgw-1e180961c61e5464bbb03db8825e0642 .iconlist_icon{\nbackground-color:#5e0000;\n}\n#top #wrap_all .avia-icon-list-container.av-ld25dxgw-1e180961c61e5464bbb03db8825e0642 .av_iconlist_title{\ncolor:#383838;\n}\n<\/style>\n<div  class='avia-icon-list-container av-ld25dxgw-1e180961c61e5464bbb03db8825e0642  avia-builder-el-23  avia-builder-el-no-sibling '><ul class='avia-icon-list avia_animate_when_almost_visible avia-icon-list-left av-iconlist-big av-ld25dxgw-1e180961c61e5464bbb03db8825e0642 avia-iconlist-animate'>\n<li><div class='iconlist_icon av-ld25bagw-27050cb196aa1c68ab4d67bd5df6ce8a avia-font-entypo-fontello'><span class='iconlist-char' aria-hidden='true' data-av_icon='\ue842' data-av_iconfont='entypo-fontello'><\/span><\/div><article class=\"article-icon-entry av-iconlist-empty\"  itemscope=\"itemscope\" itemtype=\"https:\/\/schema.org\/CreativeWork\" ><div class=\"iconlist_content_wrap\"><header class=\"entry-content-header\"><h4 class='av_iconlist_title iconlist_title  av_inherit_color'  itemprop=\"headline\" >N\u00e4he zur Ortschaft<\/h4><\/header><div class='iconlist_content '  itemprop=\"text\" ><\/div><\/div><footer class=\"entry-footer\"><\/footer><\/article><div class=\"iconlist-timeline\"><\/div><\/li>\n<li><div class='iconlist_icon av-ld25cxja-51528a24b00a17fc458d36ab9cc201e1 avia-font-entypo-fontello'><span class='iconlist-char' aria-hidden='true' data-av_icon='\ue867' data-av_iconfont='entypo-fontello'><\/span><\/div><article class=\"article-icon-entry av-iconlist-empty\"  itemscope=\"itemscope\" itemtype=\"https:\/\/schema.org\/CreativeWork\" ><div class=\"iconlist_content_wrap\"><header class=\"entry-content-header\"><h4 class='av_iconlist_title iconlist_title  av_inherit_color'  itemprop=\"headline\" >Tag & Nacht bespielbar durch Flutlichtanlage<\/h4><\/header><div class='iconlist_content '  itemprop=\"text\" ><\/div><\/div><footer class=\"entry-footer\"><\/footer><\/article><div class=\"iconlist-timeline\"><\/div><\/li>\n<li><div class='iconlist_icon av-ld25bow0-9f702daa1da2cba8dbcdda47a4fdb9f2 avia-font-entypo-fontello'><span class='iconlist-char' aria-hidden='true' data-av_icon='\ue82b' data-av_iconfont='entypo-fontello'><\/span><\/div><article class=\"article-icon-entry av-iconlist-empty\"  itemscope=\"itemscope\" itemtype=\"https:\/\/schema.org\/CreativeWork\" ><div class=\"iconlist_content_wrap\"><header class=\"entry-content-header\"><h4 class='av_iconlist_title iconlist_title  av_inherit_color'  itemprop=\"headline\" >Respekt, Fairplay & Teamgeist<\/h4><\/header><div class='iconlist_content '  itemprop=\"text\" ><\/div><\/div><footer class=\"entry-footer\"><\/footer><\/article><div class=\"iconlist-timeline\"><\/div><\/li>\n<li><div class='iconlist_icon av-ld25dvtf-e330608182387db05b6ed034baa21092 avia-font-entypo-fontello'><span class='iconlist-char' aria-hidden='true' data-av_icon='\ue8cf' data-av_iconfont='entypo-fontello'><\/span><\/div><article class=\"article-icon-entry av-iconlist-empty\"  itemscope=\"itemscope\" itemtype=\"https:\/\/schema.org\/CreativeWork\" ><div class=\"iconlist_content_wrap\"><header class=\"entry-content-header\"><h4 class='av_iconlist_title iconlist_title  av_inherit_color'  itemprop=\"headline\" >Individuelles Sponsoring f\u00fcr Firmen & Privatpersonen m\u00f6glich<\/h4><\/header><div class='iconlist_content '  itemprop=\"text\" ><\/div><\/div><footer class=\"entry-footer\"><\/footer><\/article><div class=\"iconlist-timeline\"><\/div><\/li>\n<\/ul><\/div><\/div>\n","protected":false},"excerpt":{"rendered":"","protected":false},"author":1,"featured_media":0,"parent":0,"menu_order":0,"comment_status":"closed","ping_status":"closed","template":"","meta":{"footnotes":""},"class_list":["post-29","page","type-page","status-publish","hentry"],"_links":{"self":[{"href":"https:\/\/bolzplatz.sv-moenchstockheim.de\/index.php\/wp-json\/wp\/v2\/pages\/29","targetHints":{"allow":["GET"]}}],"collection":[{"href":"https:\/\/bolzplatz.sv-moenchstockheim.de\/index.php\/wp-json\/wp\/v2\/pages"}],"about":[{"href":"https:\/\/bolzplatz.sv-moenchstockheim.de\/index.php\/wp-json\/wp\/v2\/types\/page"}],"author":[{"embeddable":true,"href":"https:\/\/bolzplatz.sv-moenchstockheim.de\/index.php\/wp-json\/wp\/v2\/users\/1"}],"replies":[{"embeddable":true,"href":"https:\/\/bolzplatz.sv-moenchstockheim.de\/index.php\/wp-json\/wp\/v2\/comments?post=29"}],"version-history":[{"count":53,"href":"https:\/\/bolzplatz.sv-moenchstockheim.de\/index.php\/wp-json\/wp\/v2\/pages\/29\/revisions"}],"predecessor-version":[{"id":104,"href":"https:\/\/bolzplatz.sv-moenchstockheim.de\/index.php\/wp-json\/wp\/v2\/pages\/29\/revisions\/104"}],"wp:attachment":[{"href":"https:\/\/bolzplatz.sv-moenchstockheim.de\/index.php\/wp-json\/wp\/v2\/media?parent=29"}],"curies":[{"name":"wp","href":"https:\/\/api.w.org\/{rel}","templated":true}]}}